{"id":46,"date":"2023-12-04T22:08:39","date_gmt":"2023-12-04T22:08:39","guid":{"rendered":"https:\/\/alojaapps.us.es\/redandhiscom\/?page_id=46"},"modified":"2025-11-01T19:00:36","modified_gmt":"2025-11-01T18:00:36","slug":"antologias-reediciones-etc","status":"publish","type":"page","link":"https:\/\/alojaapps.us.es\/redandhiscom\/antologias-reediciones-etc\/","title":{"rendered":"Antolog\u00edas, reediciones, etc."},"content":{"rendered":"\t\t<div data-elementor-type=\"wp-page\" data-elementor-id=\"46\" class=\"elementor elementor-46\" data-elementor-post-type=\"page\">\n\t\t\t\t<div class=\"elementor-element elementor-element-8d915ed e-con-full e-flex elementor-invisible e-con e-parent\" data-id=\"8d915ed\" data-element_type=\"container\" data-settings=\"{&quot;animation&quot;:&quot;fadeIn&quot;}\">\n\t\t\t\t<div class=\"elementor-element elementor-element-2cae38a elementor-widget-divider--view-line elementor-widget elementor-widget-divider\" data-id=\"2cae38a\" data-element_type=\"widget\" data-widget_type=\"divider.default\">\n\t\t\t\t<div class=\"elementor-widget-container\">\n\t\t\t\t\t<div class=\"elementor-divider\">\n\t\t\t<span class=\"elementor-divider-separator\">\n\t\t\t\t\t\t<\/span>\n\t\t<\/div>\n\t\t\t\t<\/div>\n\t\t\t\t<\/div>\n\t\t\t\t<div class=\"elementor-element elementor-element-6a3e5f9 elementor-widget elementor-widget-heading\" data-id=\"6a3e5f9\" data-element_type=\"widget\" data-widget_type=\"heading.default\">\n\t\t\t\t<div class=\"elementor-widget-container\">\n\t\t\t<h1 class=\"elementor-heading-title elementor-size-default\">Antolog\u00edas, reediciones, etc.<\/h1>\t\t<\/div>\n\t\t\t\t<\/div>\n\t\t\t\t<div class=\"elementor-element elementor-element-6afe4c5 elementor-widget-divider--view-line elementor-widget elementor-widget-divider\" data-id=\"6afe4c5\" data-element_type=\"widget\" data-widget_type=\"divider.default\">\n\t\t\t\t<div class=\"elementor-widget-container\">\n\t\t\t\t\t<div class=\"elementor-divider\">\n\t\t\t<span class=\"elementor-divider-separator\">\n\t\t\t\t\t\t<\/span>\n\t\t<\/div>\n\t\t\t\t<\/div>\n\t\t\t\t<\/div>\n\t\t\t\t<\/div>\n\t\t<div class=\"elementor-element elementor-element-bca0d09 e-con-full e-flex elementor-invisible e-con e-parent\" data-id=\"bca0d09\" data-element_type=\"container\" data-settings=\"{&quot;animation&quot;:&quot;fadeInUp&quot;}\">\n\t\t\t\t<div class=\"elementor-element elementor-element-a5ea7ce elementor-widget__width-initial elementor-widget elementor-widget-text-editor\" data-id=\"a5ea7ce\" data-element_type=\"widget\" data-widget_type=\"text-editor.default\">\n\t\t\t\t<div class=\"elementor-widget-container\">\n\t\t\t\t\t\t\t<p>Acosta Romero, \u00c1. (2001). <em>Vida y obra de Jos\u00e9 Mar\u00eda Requena (1925-1998)<\/em>. Alfar.<\/p><p>Alarc\u00f3n, P. A. de. (2005). <em>Diario de un testigo de la guerra de \u00c1frica<\/em> (M. del P. Palomo, Ed.). Fundaci\u00f3n Jos\u00e9 Manuel Lara.<\/p><p>Almansa y Mendoza, A. de. (2001). <em>Obra period\u00edstica<\/em> (M. Borrego P\u00e9rez y H. Ettinghausen, Eds.). Castalia.<\/p><p>Ballesteros, J. E., y L\u00f3pez Hidalgo, A. (1990). <em>El sindicato clandestino de la Guardia Civil<\/em>. Ediciones B.<\/p><p>Barrera L\u00f3pez, J. M. (Ed.). (1999). <em>Mediod\u00eda: Revista de Sevilla. N\u00fameros 1 al 14 (Sevilla, 1926-1929)<\/em>. Renacimiento.<\/p><p>Barrera L\u00f3pez, J. M. (2005). Manuel Altolaguirre y los escritores de \u00abMediod\u00eda\u00bb, de Sevilla (Con una carta in\u00e9dita del poeta). <em>\u00cdnsula: revista de letras y ciencias humanas<\/em>, <em>708<\/em>, 11-13.<\/p><p>Barrera L\u00f3pez, J. M. (2019). <em>La revista Oromana (1924-1928)<\/em> (M. Fern\u00e1ndez G\u00f3mez, Ed.). Ayuntamiento de Alcal\u00e1 de Guada\u00edra.<\/p><p>Barrero Gonz\u00e1lez, E. (2006). <em>Noticias de la vida y de la obra de Jos\u00e9 Mar\u00eda Izquierdo: (Con sus manuscritos conservados por Miguel Romero Mart\u00ednez)<\/em>. Ateneo de Sevilla.<\/p><p>Bellido, M. (2024). <em>Fragmentos de opini\u00f3n<\/em>. Peripecias Libros.<\/p><p>Bonillo Mart\u00ednez, G., y Cruz Moya, O. (2001). <em>La poes\u00eda publicada en la prensa almeriense del siglo XIX: introducci\u00f3n a su estudio-antolog\u00eda<\/em>. Instituto de Estudios Almerienses.<\/p><p>Cabaleiro Larr\u00e1n, J. (2013). <em>Art\u00edculos period\u00edsticos. Apuntes para la historia de la prensa de Algeciras<\/em>. Editorial Imagenta.<\/p><p>Caffarena Such, \u00c1. (1961). <em>\u00cdndice y antolog\u00eda de la revista \u00abEl Guadalhorce\u00bb: Con reproducci\u00f3n de los grabados<\/em>. El Guadalhorce.<\/p><p>Campo Cort\u00e9s, E. del. (2014). <em>Maestros del periodismo<\/em>. Jot Down Books.<\/p><p>Casas Delgado, I. (2019). <em>La Prensa seg\u00fan Lisardo el estudiante. Testimonios noticieros en el Fondo Haza\u00f1as<\/em>. Diputaci\u00f3n de Sevilla. Servicio de Archivo y Publicaciones.<\/p><p>Chaves Nogales, M. (1993). <em>Obra narrativa completa<\/em> (M. I. Cintas, Ed.). Luis Cernuda Fundaci\u00f3n.<\/p><p>Chaves Nogales, M. (2001a). <em>Obra period\u00edstica<\/em> (M. I. Cintas Guill\u00e9n, Ed.). Diputaci\u00f3n de Sevilla, \u00c1rea de Cultura y Deportes.<\/p><p>Chaves Nogales, M. (2001b). <em>Un liberal ante la revoluci\u00f3n: Cuatro reportajes de Manuel Chaves Nogales<\/em> (M. I. Cintas Guill\u00e9n, Ed.).<\/p><p>Chaves Nogales, M. (2009). <em>Juan Belmonte, matador de toros: Su vida y sus haza\u00f1as<\/em> (M. I. Cintas Guill\u00e9n, Ed.). Renacimiento.<\/p><p>Chaves Nogales, M. (2010). <em>El maestro Juan Mart\u00ednez que estaba all\u00ed<\/em> (A. Trapiello, Ed.). Libros del asteroide.<\/p><p>Chaves Nogales, M. (2011a). <em>Cr\u00f3nicas de la Guerra Civil (agosto de 1936-septiembre de 1939)<\/em> (M. I. Cintas Guill\u00e9n, Ed.). Espuela de Plata.<\/p><p>Chaves Nogales, M. (2011b). <em>La defensa de Madrid<\/em> (M. I. Cintas Guill\u00e9n, Ed.). Espuela de Plata.<\/p><p>Chaves Nogales, M. (2011c). <em>Lo que ha quedado del imperio de los zares<\/em> (M. I. Cintas Guill\u00e9n, Ed.). Renacimiento.<\/p><p>Chaves Nogales, M. (2012). <em>Andaluc\u00eda roja y \u00abla Blanca Paloma\u00bb (y otros reportajes de la rep\u00fablica)<\/em> (M. I. Cintas Guill\u00e9n, Ed.). Almuzara.<\/p><p>Chaves Nogales, M. (2013a). <em>A sangre y fuego: H\u00e9roes, bestias y m\u00e1rtires de Espa\u00f1a<\/em> (M. I. Cintas Guill\u00e9n, Ed.). Libros del Asteroide.<\/p><p>Chaves Nogales, M. (2013b). <em>Obra period\u00edstica<\/em> (M. I. Cintas Guill\u00e9n, Ed.). Centro de Estudios Andaluces.<\/p><p>Chaves Nogales, M. (2013c). <em>\u00bfQu\u00e9 pasa en Catalu\u00f1a?<\/em> Almuzara.<\/p><p>Chaves Nogales, M. (2018). <em>La agon\u00eda de Francia<\/em> (X. Pericay, Ed.). Libros del Asteroide.<\/p><p>Chaves Nogales, M. (2020). <em>Obra completa<\/em> (I. F. Garmendia, Ed.). Libros del Asteroide; Diputaci\u00f3n de Sevilla.<\/p><p>Cienfuegos, B. (1996). <em>La pensadora gaditana por do\u00f1a Beatriz Cienfuegos<\/em> (C. Canterla Gonz\u00e1lez, Ed.). Universidad de C\u00e1diz. Servicio de Publicaciones. <a href=\"https:\/\/tiendaeditorial.uca.es\/descargas-pdf\/84-7786-301-6-completo.pdf\">https:\/\/tiendaeditorial.uca.es\/descargas-pdf\/84-7786-301-6-completo.pdf<\/a><\/p><p>Cienfuegos, B. (2005). <em>La pensadora gaditana<\/em> (S. Dale, Ed.). Juan de la Cuesta.<\/p><p>Cintas Guill\u00e9n, M. I. (1998). <em>Manuel Chaves Nogales: Cuatro reportajes entre la literatura y el periodismo<\/em> [Tesis doctoral]. Universidad de Sevilla.<\/p><p><em>Cr\u00f3nicas de Nerva, 1995-2020<\/em> (with Hip\u00f3lito Dom\u00ednguez, J. A.). (2021). Niebla.<\/p><p>Cuesta Revilla, J. (Ed.). (2018). <em>Antonio Ca\u00f1o Barranco: Periodista<\/em>. Universidad de Ja\u00e9n.<\/p><p>D\u00edaz P\u00e9rez, E. (2019). Enrique Dom\u00ednguez Rodi\u00f1o, La mirada alemana. En X. Pla Barbero y F. Montero Aulet (Eds.), <em>En el teatro de la guerra: Cronistas hisp\u00e1nicos en la Primera Guerra Mundial<\/em> (pp. 161-173).<\/p><p>Dom\u00ednguez Rodi\u00f1o, E. (2015). <em>Las primeras llamas: Un espa\u00f1ol en la gran guerra<\/em>. Renacimiento.<\/p><p>Do\u00f1a Guill\u00f3n, D. (2023). <em>Sucedi\u00f3 en Grazalema<\/em>. Editorial Q Book.<\/p><p>Dur\u00e1n L\u00f3pez, F. (ed. lit.). (2012). <em>El Patriota en las Cortes: (C\u00e1diz, diciembre de 1810 a marzo de 1811)<\/em>. Universidad Aut\u00f3noma de Madrid, UAM Ediciones.<\/p><p>El\u00edas Riquelme, F., y Navarrete-Galiano Rodr\u00edguez, R. (2006). <em>Francisco El\u00edas: Documentos in\u00e9ditos<\/em>. Fundaci\u00f3n El Monte.<\/p><p>Exp\u00f3sito Extremera, F., y V\u00e1zquez Oca\u00f1a, F. (2020). <em>V\u00e1zquez Oca\u00f1a: Art\u00edculos cordobeses<\/em>. Diputaci\u00f3n Provincial de C\u00f3rdoba.<\/p><p>Flores Soler, F. (2000). El panorama audiovisual de Andaluc\u00eda: Entrevista con Carlos Rosado, director de la Fundaci\u00f3n AVA. <em>\u00c1mbitos: Revista Internacional de Comunicaci\u00f3n<\/em>, <em>3<\/em>. <a href=\"https:\/\/doi.org\/10.12795\/ambitos.2000.i03-04.21\">https:\/\/doi.org\/10.12795\/ambitos.2000.i03-04.21<\/a><\/p><p>Ganivet, \u00c1. (2006). <em>Cartas finlandesas. Hombres del Norte<\/em>. N\u00f3rdica libros.<\/p><p>Garc\u00eda Gordillo, M. (2009). El placer de conversar con la historia: Siete entrevistas con personajes de la Rep\u00fablica. En P. Bellido Navarro (coord.) y M. I. Cintas Guill\u00e9n (coord.), <em>El periodista comprometido: Manuel Chaves Nogales, una aproximaci\u00f3n<\/em> (pp. 107-130). Fundaci\u00f3n Centro de Estudios Andaluces. Consejer\u00eda de la Presidencia. Junta de Andaluc\u00eda.<\/p><p>Gim\u00e9nez Caro, M. I., y Ur\u00e1n Navarro, I. (Eds.). (2000). <em>El Caridemo: Revista cient\u00edfica y literaria, Almer\u00eda, 1847-1848: antolog\u00eda<\/em>. Universidad de Almer\u00eda, Servicio de Publicaciones.<\/p><p>Hern\u00e1ndez Guerrero, J. A. (1984). <em>Platero (1948-1954): Historia, antolog\u00eda e \u00edndices de una revista literaria gaditana<\/em>. Fundaci\u00f3n Municipal de Cultura, C\u00e1tedra \u00abAdolfo de Castro\u00bb.<\/p><p>Hidalgo, A. L., y Segura (fot.), J. J. (2021). <em>A\u00f1o 2020: D\u00edas contados<\/em>. Ayuntamiento de Montilla.<\/p><p>Holgado Mej\u00edas, J. (2009). <em>Mejor que el silencio<\/em>. Asociaci\u00f3n de la Prensa de Sevilla; Jirones de Azul.<\/p><p>Izquierdo y Mart\u00ednez, J. M. (1923). <em>Obras de Jos\u00e9 M<sup>a<\/sup> Izquierdo<\/em> (Exmo. Ayuntamiento de Sevilla; Ateneo de Sevilla). Tipograf\u00eda Zarzuela. <a href=\"http:\/\/www.bibliotecavirtualdeandalucia.es\/catalogo\/es\/consulta\/registro.do?id=1000531\">http:\/\/www.bibliotecavirtualdeandalucia.es\/catalogo\/es\/consulta\/registro.do?id=1000531<\/a><\/p><p>Jim\u00e9nez Morales, M. I., y Quiles Faz, A. (Eds.). (2008). <em>Fiestas andaluzas: Antolog\u00eda de textos costumbristas<\/em>. Renacimiento.<\/p><p>Laguillo, J. (1979). <em>Veintisiete a\u00f1os en la direcci\u00f3n de \u00abEl Liberal\u00bb de Sevilla (1909-1936): Memorias<\/em> (A. Braojos Garrido, Ed.). Editorial Universidad de Sevilla.<\/p><p>Laguillo, J. (2000). <em>Jos\u00e9 Laguillo, periodista sevillano: Estudio y textos<\/em> (A. Braojos Garrido y M. Jos\u00e9. Ruiz Acosta, Eds.). Grupo de Investigaci\u00f3n en estructura, Historia y Contenidos de la Comunicaci\u00f3n, Universidad de Sevilla Asociaci\u00f3n Universitaria Comunicaci\u00f3n y Cultura. <a href=\"http:\/\/hdl.handle.net\/11441\/65339\">http:\/\/hdl.handle.net\/11441\/65339<\/a><\/p><p>Lara L\u00f3pez, E. L. (2003). <em>Fotograf\u00eda y Semana Santa. Ja\u00e9n, siglo XIX-1978: M\u00e9todos y an\u00e1lisis de documentaci\u00f3n gr\u00e1fica para la historia y la etnograf\u00eda<\/em> [Tesis doctoral, Universidad Cat\u00f3lica San Antonio de Murcia]. <a href=\"http:\/\/hdl.handle.net\/10952\/47\">http:\/\/hdl.handle.net\/10952\/47<\/a><\/p><p>L\u00f3pez Hidalgo, A. (1992). <em>Santa Cruz o La sublevaci\u00f3n de las aldeas en Andaluc\u00eda<\/em>. Imp. Montilla Agraria.<\/p><p>L\u00f3pez Hidalgo, A. (1996). <em>Las entrevistas period\u00edsticas de Jos\u00e9 Mar\u00eda Carretero<\/em> [Tesis doctoral, Universidad de Sevilla]. <a href=\"https:\/\/hdl.handle.net\/11441\/94161\">https:\/\/hdl.handle.net\/11441\/94161<\/a><\/p><p>L\u00f3pez Hidalgo, A. (1999). <em>Las entrevistas period\u00edsticas de Jos\u00e9 Mar\u00eda Carretero<\/em>. Diputaci\u00f3n Provincial de C\u00f3rdoba.<\/p><p>L\u00f3pez Hidalgo, A. (2022). <em>Gald\u00f3s y Carretero: Historia de una amistad. Conferencias, discursos y otras arengas<\/em>. F\u00e9nix Editora.<\/p><p>Lozano Garrido, M. (1999). <em>41 art\u00edculos de prensa de Manuel Lozano Garrido \u00absiervo de Dios\u00bb<\/em>. Publicaciones Obra Social y Cultural Cajasur.<\/p><p>Mar\u00eda Aguilar, J. (2010). <em>Hilo a la cometa. Manuel Ram\u00edrez Fern\u00e1ndez de C\u00f3rdoba. Antolog\u00eda period\u00edstica<\/em>. Jirones de Azul.<\/p><p>Menipo. (1997). <em>Art\u00edculos period\u00edsticos 1921-1934: La prensa, el periodismo, Marruecos, Sevilla, la pol\u00edtica, la vida social, la literatura, el arte<\/em>. Padilla.<\/p><p>Montero Delgado, J. (2007). Fernando de Herrera, \u00abRelaci\u00f3n de la guerra de Cipre y sucesso de la batalla naual de Lepanto\u00bb (Sevilla, 1572). Dos ediciones. En P. Bola\u00f1os Donoso (coord.), A. Dom\u00ednguez Guzm\u00e1n (coord.), y M. de los R. Pe\u00f1a (coord.), <em>Geh hin und lerne: Homenaje al profesor Klaus Wagner<\/em> (Vol. 1, pp. 339-353). Universidad de Sevilla.<\/p><p>Moreno Espinosa, P. (1994). <em>Entrevistas con actores sevillanos<\/em>. Gallo de Vidrio.<\/p><p>Nogales, J., y Rodr\u00edguez Castillo, A. M. (2000). <em>Antolog\u00eda de escritos period\u00edsticos<\/em>. Diputaci\u00f3n Provincial.<\/p><p>Ortega, J. A. (2020). <em>Opiniones de un payaso (con permiso de Heinrich B\u00f6ll)<\/em>. Ediciones Dauro.<\/p><p>Palenque, M. (2021a). Transcripci\u00f3n e imagen de las ep\u00edstolas de Manuel Chaves Nogales a Luis Montoto y Rautenstrauch. <em>Mediod\u00eda<\/em>, <em>4<\/em>, 20-0.<\/p><p>Palenque, M. (2021b). Tres cartas in\u00e9ditas de Manuel Chaves Nogales a Luis Montoto (con el detalle de su colaboraci\u00f3n en el peri\u00f3dico sevillano La Noche). <em>Mediod\u00eda: revista hisp\u00e1nica de rescate<\/em>, <em>4<\/em>, 19.<\/p><p>Quintero, J. (2023). <em>Memoria del silencio: El mundo desde la colina<\/em>. Temas de hoy.<\/p><p>Ramos Espejo, A. (2002). <em>Cr\u00f3nica de Gerald Brenan<\/em>. Centro Andaluz del Libro.<\/p><p>Reina L\u00f3pez, S. (2000). Art\u00edculos de F. Flores Arenas en La Moda (C\u00e1diz, 1843). En D. Mart\u00ednez Torr\u00f3n (coord.), <em>Estudios de literatura rom\u00e1ntica espa\u00f1ola<\/em> (pp. 29-48). Universidad de C\u00f3rdoba, Servicio de Publicaciones. <a href=\"http:\/\/hdl.handle.net\/10396\/12846\">http:\/\/hdl.handle.net\/10396\/12846<\/a><\/p><p>Rejano, J. (2016). <em>Periodismo, pol\u00edtica y cultura en la II Rep\u00fablica (1931-1936): Antolog\u00eda<\/em> (F. Arcas Cubero y L. Sanju\u00e1n Sol\u00eds, Eds.). Editorial Renacimiento.<\/p><p>Requena, J. M. (2002). <em>Obras completas<\/em> (\u00c1. Acosta Romero, Ed.).<\/p><p>R\u00edo Parra, E. del. (2016). Coplas hechas sobre un caso acontescido en Jerez de la Frontera de un hombre que mat\u00f3 veinte y dos personas a traici\u00f3n. <em>Hispania Felix: Revista rumano-espa\u00f1ola de cultura y civilizaci\u00f3n de los Siglos de Oro<\/em>, <em>7<\/em>, 236-247.<\/p><p>Rivera, E. (Ed.). (2020). <em>Lorca habla aqu\u00ed: Todas las entrevistas a Federico Garc\u00eda Lorca<\/em> (Primera edici\u00f3n). Ediciones Vitruvio.<\/p><p>Rodr\u00edguez Castillo, A. M. (1999). <em>Vida y obra de Jos\u00e9 Nogales<\/em>. Diputaci\u00f3n Provincial de Huelva.<\/p><p>Rodr\u00edguez Guti\u00e9rrez, B. (2004). Una revista jienense: \u00abEl Crep\u00fasculo\u00bb (1842). Estudio, \u00edndice y antolog\u00eda. <em>Bolet\u00edn del Instituto de Estudios Giennenses<\/em>, <em>189<\/em>, 417-472. <a href=\"https:\/\/www.cervantesvirtual.com\/obra-visor\/una-revista-jienense-el-crepsculo-1842-estudio-ndice-y-antologa-0\/html\/01d7c708-82b2-11df-acc7-002185ce6064_3.html\">https:\/\/www.cervantesvirtual.com\/obra-visor\/una-revista-jienense-el-crepsculo-1842-estudio-ndice-y-antologa-0\/html\/01d7c708-82b2-11df-acc7-002185ce6064_3.html<\/a><\/p><p>Ruiz S\u00e1nchez, J. L. (2002). <em>Prensa y Propaganda Cat\u00f3lica (1832-1965)<\/em>. Universidad de Sevilla, Editorial Universidad de Sevilla.<\/p><p>S\u00e1nchez, J. M. (1911). Relaci\u00f3n muy verdadera de todo lo que ha pasado en la venida y cerco que puso el rey de Argel sobre Or\u00e1n&#8230; <em>Archivo de investigaciones hist\u00f3ricas: Espa\u00f1a-Am\u00e9rica Espa\u00f1ola-Filipinas<\/em>, <em>II<\/em>(3), 206-235. <a href=\"https:\/\/bibliotecavirtualmadrid.comunidad.madrid\/bvmadrid_publicacion\/es\/catalogo_imagenes\/grupo.do?path=1129225&amp;presentacion=pagina&amp;posicion=1&amp;registrardownload=0\">https:\/\/bibliotecavirtualmadrid.comunidad.madrid\/bvmadrid_publicacion\/es\/catalogo_imagenes\/grupo.do?path=1129225ypresentacion=paginayposicion=1yregistrardownload=0<\/a><\/p><p>S\u00e1nchez L\u00f3pez, J. (2015). <em>Cat\u00e1logo de la prensa sevillana (1661-2014)<\/em>. Ayuntamiento de Sevilla, Instituto de la Cultura y las Artes de Sevilla.<\/p><p>Serrano de Vargas y Ure\u00f1a, J. (1926). Memorial dado por Joan Serrano de Bargas maestro impresor de libros en Sevilla en julio de 1625 sobre los excesos en materia de libros. <em>Revista de archivos, bibliotecas y museos<\/em>, <em>XXX<\/em>(1-6), 224-227. <a href=\"https:\/\/hemerotecadigital.bne.es\/hd\/es\/viewer?id=fc18dad6-3dfc-4f99-85e7-d5dce6a2b701&amp;page=228\">https:\/\/hemerotecadigital.bne.es\/hd\/es\/viewer?id=fc18dad6-3dfc-4f99-85e7-d5dce6a2b701ypage=228<\/a><\/p><p>Serrano Mart\u00edn, C., y Soto Escobar, R. (2023). <em>De la utop\u00eda a la putada: Cincuenta fragmentos de una crisis que no se fue (Andaluc\u00eda Digital, 2011-2018)<\/em> (J. P. Bellido Mu\u00f1oz, Ed.). F\u00e9nix Editora.<\/p><p>Terrades, M. (2003, 2006). Relacion muy cierta y verdadera de lo que agora nuevamente se ha sabido de las nuebas Islas del Poniente y descubrimiento que dicen de la China que escribe Hernando Riquel Escrivano de la Governaci\u00f3n dellas \u00e0 un su Amigo a Mexico, la qual vino en los Navios que estaban juntos en el Fuerte de Capulco, y de la gran riqueza dellas y de los tractos y Mercader\u00edas de los Chinas, y de la manera que sacan y benefician el Oro; y otra relaci\u00f3n de las nuebas que han venido de Italia y Fortificaci\u00f3n de Tunez, y de la Armada grande del Turco, y como ha tractado de reducirse la Ciudad de Ginebra de la obediencia de la Madre Santa Iglesia y ultimamente la muerte del Chistianisimo Rey de Francia y de lo que pasa en Paris y en Flandes. V\u00e1 tambi\u00e9n el Epitafio que se hall\u00f3 aqui del Bienaventurado Rey D Fernando que gan\u00f3 a Sevilla 1574. <em>China en Espa\u00f1a. Elaboraci\u00f3n de un corpus digitalizado de documentos espa\u00f1oles sobre China de 1555 a 1900<\/em>. <a href=\"https:\/\/arxiu-web.upf.edu\/asia\/projectes\/che\/s16\/riquel.htm\">https:\/\/arxiu-web.upf.edu\/asia\/projectes\/che\/s16\/riquel.htm<\/a><\/p><p>Turina, J., y Mor\u00e1n, A. (2002). <em>Joaqu\u00edn Turina, corresponsal en Par\u00eds &#8230; y otros art\u00edculos de prensa: Escritos de un m\u00fasico<\/em>. Junta de Andaluc\u00eda.<\/p><p>Ufarte Ruiz, M. J. (2023). <em>El arte de la entrevista en Antonio L\u00f3pez Hidalgo<\/em>. Comunicaci\u00f3n Social Ediciones y Publicaciones.<\/p><p>Uhag\u00f3n, F. R. de. (1908). Embajada a Marruecos en el siglo XVI. <em>Bolet\u00edn de la Real Academia de la Historia<\/em>, <em>53<\/em>, 447-454. <a href=\"https:\/\/www.cervantesvirtual.com\/nd\/ark:\/59851\/bmctm7p9\">https:\/\/www.cervantesvirtual.com\/nd\/ark:\/59851\/bmctm7p9<\/a><\/p><p>Ur\u00e1n Navarro, I., y Gim\u00e9nez Cara, M. I. (Eds.). (2000). <em>El Caridemo: Antolog\u00eda. Revista cient\u00edfica y literaria (Almer\u00eda, 1847-1848)<\/em>. Universidad de Almer\u00eda.<\/p><p>V\u00e1zquez Oca\u00f1a, F. (2017). <em>Garc\u00eda Lorca. Vida, c\u00e1ntico y muerte<\/em>. Grupo Cultural Amador de los R\u00edos.<\/p><p>V\u00e1zquez Oca\u00f1a, F. (2022). <em>V\u00e1zquez Oca\u00f1a: Art\u00edculos de la guerra y el exilio<\/em> (F. Exp\u00f3sito Extremera (ed.), Ed.). Diputaci\u00f3n Provincial de C\u00f3rdoba.<\/p><p><em>Volandas. Revista Literaria. Antolog\u00eda 1978-2003<\/em>. (2004). Ayuntamiento de Punta Umbr\u00eda.<\/p><p>Zilbermann Morales, M. (1993). Siete poes\u00edas desconocidas de Alberto Lista publicadas en la prensa gaditana en 1837. <em>Draco: Revista de literatura espa\u00f1ola<\/em>, <em>5<\/em>, 265-281.<\/p><p>\u00a0<\/p>\t\t\t\t\t\t<\/div>\n\t\t\t\t<\/div>\n\t\t\t\t<\/div>\n\t\t\t\t<\/div>\n\t\t","protected":false},"excerpt":{"rendered":"<p>Acosta Romero, \u00c1. (2001). Vida y obra de Jos\u00e9 Mar\u00eda Requena (1925-1998). Alfar. Alarc\u00f3n, P. A. de. (2005). Diario de un testigo de la guerra de \u00c1frica (M. del P. Palomo, Ed.). Fundaci\u00f3n Jos\u00e9 Manuel Lara. Almansa y Mendoza, A. de. (2001). Obra period\u00edstica (M. Borrego P\u00e9rez y H. Ettinghausen, Eds.). Castalia. Ballesteros, J. E., [&hellip;]<\/p>\n","protected":false},"author":1,"featured_media":0,"parent":0,"menu_order":17,"comment_status":"closed","ping_status":"closed","template":"","meta":{"footnotes":""},"class_list":["post-46","page","type-page","status-publish","hentry"],"_links":{"self":[{"href":"https:\/\/alojaapps.us.es\/redandhiscom\/wp-json\/wp\/v2\/pages\/46"}],"collection":[{"href":"https:\/\/alojaapps.us.es\/redandhiscom\/wp-json\/wp\/v2\/pages"}],"about":[{"href":"https:\/\/alojaapps.us.es\/redandhiscom\/wp-json\/wp\/v2\/types\/page"}],"author":[{"embeddable":true,"href":"https:\/\/alojaapps.us.es\/redandhiscom\/wp-json\/wp\/v2\/users\/1"}],"replies":[{"embeddable":true,"href":"https:\/\/alojaapps.us.es\/redandhiscom\/wp-json\/wp\/v2\/comments?post=46"}],"version-history":[{"count":17,"href":"https:\/\/alojaapps.us.es\/redandhiscom\/wp-json\/wp\/v2\/pages\/46\/revisions"}],"predecessor-version":[{"id":2119,"href":"https:\/\/alojaapps.us.es\/redandhiscom\/wp-json\/wp\/v2\/pages\/46\/revisions\/2119"}],"wp:attachment":[{"href":"https:\/\/alojaapps.us.es\/redandhiscom\/wp-json\/wp\/v2\/media?parent=46"}],"curies":[{"name":"wp","href":"https:\/\/api.w.org\/{rel}","templated":true}]}}