{"id":42,"date":"2023-12-04T22:08:14","date_gmt":"2023-12-04T22:08:14","guid":{"rendered":"https:\/\/alojaapps.us.es\/redandhiscom\/?page_id=42"},"modified":"2025-06-06T19:19:28","modified_gmt":"2025-06-06T18:19:28","slug":"grupos-de-investigadores","status":"publish","type":"page","link":"https:\/\/alojaapps.us.es\/redandhiscom\/grupos-de-investigadores\/","title":{"rendered":"Grupos de investigadores"},"content":{"rendered":"\t\t<div data-elementor-type=\"wp-page\" data-elementor-id=\"42\" class=\"elementor elementor-42\" data-elementor-post-type=\"page\">\n\t\t\t\t<div class=\"elementor-element elementor-element-112a4c1 e-con-full e-flex elementor-invisible e-con e-parent\" data-id=\"112a4c1\" data-element_type=\"container\" data-settings=\"{&quot;background_background&quot;:&quot;classic&quot;,&quot;animation&quot;:&quot;fadeIn&quot;}\">\n\t\t<div class=\"elementor-element elementor-element-2436b07 e-con-full e-flex e-con e-child\" data-id=\"2436b07\" data-element_type=\"container\">\n\t\t\t\t<div class=\"elementor-element elementor-element-f2404d5 elementor-widget-divider--view-line elementor-widget elementor-widget-divider\" data-id=\"f2404d5\" data-element_type=\"widget\" data-widget_type=\"divider.default\">\n\t\t\t\t<div class=\"elementor-widget-container\">\n\t\t\t\t\t<div class=\"elementor-divider\">\n\t\t\t<span class=\"elementor-divider-separator\">\n\t\t\t\t\t\t<\/span>\n\t\t<\/div>\n\t\t\t\t<\/div>\n\t\t\t\t<\/div>\n\t\t\t\t<div class=\"elementor-element elementor-element-093a25b elementor-widget elementor-widget-heading\" data-id=\"093a25b\" data-element_type=\"widget\" data-widget_type=\"heading.default\">\n\t\t\t\t<div class=\"elementor-widget-container\">\n\t\t\t<h1 class=\"elementor-heading-title elementor-size-default\">Grupos que participan en la RED <\/h1>\t\t<\/div>\n\t\t\t\t<\/div>\n\t\t\t\t<div class=\"elementor-element elementor-element-59faf54 elementor-widget-divider--view-line elementor-widget elementor-widget-divider\" data-id=\"59faf54\" data-element_type=\"widget\" data-widget_type=\"divider.default\">\n\t\t\t\t<div class=\"elementor-widget-container\">\n\t\t\t\t\t<div class=\"elementor-divider\">\n\t\t\t<span class=\"elementor-divider-separator\">\n\t\t\t\t\t\t<\/span>\n\t\t<\/div>\n\t\t\t\t<\/div>\n\t\t\t\t<\/div>\n\t\t\t\t<\/div>\n\t\t\t\t<\/div>\n\t\t<div class=\"elementor-element elementor-element-c94f316 e-flex e-con-boxed e-con e-parent\" data-id=\"c94f316\" data-element_type=\"container\">\n\t\t\t\t\t<div class=\"e-con-inner\">\n\t\t\t\t<div class=\"elementor-element elementor-element-c467c95 elementor-position-right elementor-widget__width-inherit elementor-vertical-align-top elementor-invisible elementor-widget elementor-widget-image-box\" data-id=\"c467c95\" data-element_type=\"widget\" data-settings=\"{&quot;_animation&quot;:&quot;fadeInUp&quot;}\" data-widget_type=\"image-box.default\">\n\t\t\t\t<div class=\"elementor-widget-container\">\n\t\t\t<div class=\"elementor-image-box-wrapper\"><figure class=\"elementor-image-box-img\"><img decoding=\"async\" width=\"124\" height=\"124\" src=\"https:\/\/alojaapps.us.es\/redandhiscom\/wp-content\/uploads\/2024\/02\/Almeria.png\" class=\"elementor-animation-grow attachment-full size-full wp-image-1854\" alt=\"\" \/><\/figure><div class=\"elementor-image-box-content\"><h5 class=\"elementor-image-box-title\">Grupo \u201cEstudios del Tiempo Presente\u201d de la Universidad de Almer\u00eda IP Rafael Quirosa<\/h5><p class=\"elementor-image-box-description\">L\u00edneas de investigaci\u00f3n y miembros: https:\/\/historiadeltiempopresente.com\/<\/p><\/div><\/div>\t\t<\/div>\n\t\t\t\t<\/div>\n\t\t\t\t<div class=\"elementor-element elementor-element-7d1024d elementor-position-right elementor-widget__width-inherit elementor-vertical-align-top elementor-invisible elementor-widget elementor-widget-image-box\" data-id=\"7d1024d\" data-element_type=\"widget\" data-settings=\"{&quot;_animation&quot;:&quot;fadeInUp&quot;}\" data-widget_type=\"image-box.default\">\n\t\t\t\t<div class=\"elementor-widget-container\">\n\t\t\t<div class=\"elementor-image-box-wrapper\"><figure class=\"elementor-image-box-img\"><img fetchpriority=\"high\" decoding=\"async\" width=\"1929\" height=\"2560\" src=\"https:\/\/alojaapps.us.es\/redandhiscom\/wp-content\/uploads\/2024\/02\/cadiz-scaled.jpg\" class=\"elementor-animation-grow attachment-full size-full wp-image-1855\" alt=\"\" srcset=\"https:\/\/alojaapps.us.es\/redandhiscom\/wp-content\/uploads\/2024\/02\/cadiz-scaled.jpg 1929w, https:\/\/alojaapps.us.es\/redandhiscom\/wp-content\/uploads\/2024\/02\/cadiz-226x300.jpg 226w, https:\/\/alojaapps.us.es\/redandhiscom\/wp-content\/uploads\/2024\/02\/cadiz-771x1024.jpg 771w, https:\/\/alojaapps.us.es\/redandhiscom\/wp-content\/uploads\/2024\/02\/cadiz-768x1019.jpg 768w, https:\/\/alojaapps.us.es\/redandhiscom\/wp-content\/uploads\/2024\/02\/cadiz-1157x1536.jpg 1157w, https:\/\/alojaapps.us.es\/redandhiscom\/wp-content\/uploads\/2024\/02\/cadiz-1543x2048.jpg 1543w\" sizes=\"(max-width: 1929px) 100vw, 1929px\" \/><\/figure><div class=\"elementor-image-box-content\"><h5 class=\"elementor-image-box-title\">Grupo de Estudios del Siglo XVIII, Universidad de C\u00e1diz<\/h5><p class=\"elementor-image-box-description\">Responsable: Marieta Cantos Casenave\n<br>\nL\u00edneas de investigaci\u00f3n y miembros: <a href=\"https:\/\/hum139.uca.es\/\">https:\/\/hum139.uca.es\/<\/a><\/p><\/div><\/div>\t\t<\/div>\n\t\t\t\t<\/div>\n\t\t\t\t<div class=\"elementor-element elementor-element-c984c33 elementor-position-right elementor-widget__width-inherit elementor-vertical-align-top elementor-invisible elementor-widget elementor-widget-image-box\" data-id=\"c984c33\" data-element_type=\"widget\" data-settings=\"{&quot;_animation&quot;:&quot;fadeInUp&quot;}\" data-widget_type=\"image-box.default\">\n\t\t\t\t<div class=\"elementor-widget-container\">\n\t\t\t<div class=\"elementor-image-box-wrapper\"><figure class=\"elementor-image-box-img\"><img decoding=\"async\" width=\"552\" height=\"195\" src=\"https:\/\/alojaapps.us.es\/redandhiscom\/wp-content\/uploads\/2024\/02\/Grupo-Paso.png\" class=\"elementor-animation-grow attachment-full size-full wp-image-1734\" alt=\"\" srcset=\"https:\/\/alojaapps.us.es\/redandhiscom\/wp-content\/uploads\/2024\/02\/Grupo-Paso.png 552w, https:\/\/alojaapps.us.es\/redandhiscom\/wp-content\/uploads\/2024\/02\/Grupo-Paso-300x106.png 300w\" sizes=\"(max-width: 552px) 100vw, 552px\" \/><\/figure><div class=\"elementor-image-box-content\"><h5 class=\"elementor-image-box-title\">Grupo P.A.S.O., Grupo de Investigaci\u00f3n en Poes\u00eda del Siglo de Oro (Universidad de Sevilla y Universidad de C\u00f3rdoba). PAIDI<\/h5><p class=\"elementor-image-box-description\">IP Pedro Ruiz P\u00e9rez (UCO)\n<br>\nL\u00edneas de investigaci\u00f3n y miembros: https:\/\/grupo.us.es\/paso\/<\/p><\/div><\/div>\t\t<\/div>\n\t\t\t\t<\/div>\n\t\t\t\t<div class=\"elementor-element elementor-element-81a2443 elementor-position-right elementor-widget__width-inherit elementor-vertical-align-top elementor-invisible elementor-widget elementor-widget-image-box\" data-id=\"81a2443\" data-element_type=\"widget\" data-settings=\"{&quot;_animation&quot;:&quot;fadeInUp&quot;}\" data-widget_type=\"image-box.default\">\n\t\t\t\t<div class=\"elementor-widget-container\">\n\t\t\t<div class=\"elementor-image-box-wrapper\"><figure class=\"elementor-image-box-img\"><img loading=\"lazy\" decoding=\"async\" width=\"2560\" height=\"1030\" src=\"https:\/\/alojaapps.us.es\/redandhiscom\/wp-content\/uploads\/2024\/02\/hicpan-scaled.jpg\" class=\"elementor-animation-grow attachment-full size-full wp-image-1859\" alt=\"\" srcset=\"https:\/\/alojaapps.us.es\/redandhiscom\/wp-content\/uploads\/2024\/02\/hicpan-scaled.jpg 2560w, https:\/\/alojaapps.us.es\/redandhiscom\/wp-content\/uploads\/2024\/02\/hicpan-300x121.jpg 300w, https:\/\/alojaapps.us.es\/redandhiscom\/wp-content\/uploads\/2024\/02\/hicpan-1024x412.jpg 1024w, https:\/\/alojaapps.us.es\/redandhiscom\/wp-content\/uploads\/2024\/02\/hicpan-768x309.jpg 768w, https:\/\/alojaapps.us.es\/redandhiscom\/wp-content\/uploads\/2024\/02\/hicpan-1536x618.jpg 1536w, https:\/\/alojaapps.us.es\/redandhiscom\/wp-content\/uploads\/2024\/02\/hicpan-2048x824.jpg 2048w\" sizes=\"(max-width: 2560px) 100vw, 2560px\" \/><\/figure><div class=\"elementor-image-box-content\"><h5 class=\"elementor-image-box-title\">Grupo Historia cr\u00edtica del Periodismo Andaluz (Hicpan) Universidad de Sevilla y de M\u00e1laga<\/h5><p class=\"elementor-image-box-description\">IP Carmen Espejo (US)\n<br>\nL\u00edneas de investigaci\u00f3n y miembros: <a href=\"https:\/\/grupo.us.es\/hicpan\/\">https:\/\/grupo.us.es\/hicpan\/<\/a><\/p><\/div><\/div>\t\t<\/div>\n\t\t\t\t<\/div>\n\t\t\t\t<div class=\"elementor-element elementor-element-0975aa6 elementor-position-right elementor-widget__width-inherit elementor-vertical-align-top elementor-invisible elementor-widget elementor-widget-image-box\" data-id=\"0975aa6\" data-element_type=\"widget\" data-settings=\"{&quot;_animation&quot;:&quot;fadeInUp&quot;}\" data-widget_type=\"image-box.default\">\n\t\t\t\t<div class=\"elementor-widget-container\">\n\t\t\t<div class=\"elementor-image-box-wrapper\"><figure class=\"elementor-image-box-img\"><img loading=\"lazy\" decoding=\"async\" width=\"360\" height=\"170\" src=\"https:\/\/alojaapps.us.es\/redandhiscom\/wp-content\/uploads\/2024\/02\/Investigaciones-historicas-andaluzas.jpg\" class=\"elementor-animation-grow attachment-full size-full wp-image-1735\" alt=\"\" srcset=\"https:\/\/alojaapps.us.es\/redandhiscom\/wp-content\/uploads\/2024\/02\/Investigaciones-historicas-andaluzas.jpg 360w, https:\/\/alojaapps.us.es\/redandhiscom\/wp-content\/uploads\/2024\/02\/Investigaciones-historicas-andaluzas-300x142.jpg 300w\" sizes=\"(max-width: 360px) 100vw, 360px\" \/><\/figure><div class=\"elementor-image-box-content\"><h5 class=\"elementor-image-box-title\">Grupo de Investigaciones Hist\u00f3ricas Andaluzas (GRIHAN),\u00a0Universidad de M\u00e1laga<\/h5><p class=\"elementor-image-box-description\">Responsable: Mar\u00eda Dolores Ramos\n<br>\nL\u00edneas de investigaci\u00f3n y miembros: <a href=\"https:\/\/www.uma.es\/grupo-de-investigaciones-historicas-andaluzas\/\">https:\/\/www.uma.es\/grupo-de-investigaciones-historicas-andaluzas\/<\/a><\/p><\/div><\/div>\t\t<\/div>\n\t\t\t\t<\/div>\n\t\t\t\t<div class=\"elementor-element elementor-element-d7089bd elementor-position-right elementor-widget__width-inherit elementor-vertical-align-top elementor-invisible elementor-widget elementor-widget-image-box\" data-id=\"d7089bd\" data-element_type=\"widget\" data-settings=\"{&quot;_animation&quot;:&quot;fadeInUp&quot;}\" data-widget_type=\"image-box.default\">\n\t\t\t\t<div class=\"elementor-widget-container\">\n\t\t\t<div class=\"elementor-image-box-wrapper\"><figure class=\"elementor-image-box-img\"><img loading=\"lazy\" decoding=\"async\" width=\"800\" height=\"700\" src=\"https:\/\/alojaapps.us.es\/redandhiscom\/wp-content\/uploads\/2024\/02\/sevilla.png\" class=\"elementor-animation-grow attachment-full size-full wp-image-1864\" alt=\"\" srcset=\"https:\/\/alojaapps.us.es\/redandhiscom\/wp-content\/uploads\/2024\/02\/sevilla.png 800w, https:\/\/alojaapps.us.es\/redandhiscom\/wp-content\/uploads\/2024\/02\/sevilla-300x263.png 300w, https:\/\/alojaapps.us.es\/redandhiscom\/wp-content\/uploads\/2024\/02\/sevilla-768x672.png 768w\" sizes=\"(max-width: 800px) 100vw, 800px\" \/><\/figure><div class=\"elementor-image-box-content\"><h5 class=\"elementor-image-box-title\">Grupo de Investigaci\u00f3n en Imagen, Medios Audiovisuales e Historia de la Comunicaci\u00f3n Universidad de Sevilla<\/h5><p class=\"elementor-image-box-description\">Responsable:\u00a0Mar\u00eda del Mar Ram\u00edrez Alvarado\n<br>\nL\u00edneas de investigaci\u00f3n y miembros: <a href=\"https:\/\/investigacion.us.es\/sisius\/sis_depgrupos.php?seltext=HUM1070&amp;selfield=CODIGO\">https:\/\/investigacion.us.es\/sisius\/sis_depgrupos.php?seltext=HUM1070&amp;selfield=CODIGO<\/a>\n<\/p><\/div><\/div>\t\t<\/div>\n\t\t\t\t<\/div>\n\t\t\t\t<div class=\"elementor-element elementor-element-764a648 elementor-position-right elementor-widget__width-inherit elementor-vertical-align-top elementor-invisible elementor-widget elementor-widget-image-box\" data-id=\"764a648\" data-element_type=\"widget\" data-settings=\"{&quot;_animation&quot;:&quot;fadeInUp&quot;}\" data-widget_type=\"image-box.default\">\n\t\t\t\t<div class=\"elementor-widget-container\">\n\t\t\t<div class=\"elementor-image-box-wrapper\"><figure class=\"elementor-image-box-img\"><img loading=\"lazy\" decoding=\"async\" width=\"640\" height=\"640\" src=\"https:\/\/alojaapps.us.es\/redandhiscom\/wp-content\/uploads\/2024\/02\/photo.jpg\" class=\"elementor-animation-grow attachment-full size-full wp-image-1739\" alt=\"\" srcset=\"https:\/\/alojaapps.us.es\/redandhiscom\/wp-content\/uploads\/2024\/02\/photo.jpg 640w, https:\/\/alojaapps.us.es\/redandhiscom\/wp-content\/uploads\/2024\/02\/photo-300x300.jpg 300w, https:\/\/alojaapps.us.es\/redandhiscom\/wp-content\/uploads\/2024\/02\/photo-150x150.jpg 150w\" sizes=\"(max-width: 640px) 100vw, 640px\" \/><\/figure><div class=\"elementor-image-box-content\"><h5 class=\"elementor-image-box-title\">Grupo de Investigaci\u00f3n en Estructura, Historia y Contenidos de la Comunicaci\u00f3n, Grehcco Universidad de Sevilla<\/h5><p class=\"elementor-image-box-description\">Responsable:\u00a0Mar\u00eda Jos\u00e9 Ruiz Acosta\n\n<br>\nL\u00edneas de investigaci\u00f3n y miembros: <a href=\"https:\/\/investigacion.us.es\/sisius\/grupo\/HUM618\">https:\/\/investigacion.us.es\/sisius\/grupo\/HUM618<\/a><strong style=\"color: var( --e-global-color-text ); font-family: var( --e-global-typography-text-font-family ), Sans-serif; text-align: var(--text-align); font-size: 1rem;\">\u00a0<\/strong><\/p><\/div><\/div>\t\t<\/div>\n\t\t\t\t<\/div>\n\t\t\t\t<div class=\"elementor-element elementor-element-a22ab59 elementor-position-right elementor-widget__width-inherit elementor-vertical-align-top elementor-invisible elementor-widget elementor-widget-image-box\" data-id=\"a22ab59\" data-element_type=\"widget\" data-settings=\"{&quot;_animation&quot;:&quot;fadeInUp&quot;}\" data-widget_type=\"image-box.default\">\n\t\t\t\t<div class=\"elementor-widget-container\">\n\t\t\t<div class=\"elementor-image-box-wrapper\"><figure class=\"elementor-image-box-img\"><img loading=\"lazy\" decoding=\"async\" width=\"396\" height=\"395\" src=\"https:\/\/alojaapps.us.es\/redandhiscom\/wp-content\/uploads\/2024\/02\/GEHA-3.png\" class=\"elementor-animation-grow attachment-full size-full wp-image-1732\" alt=\"\" srcset=\"https:\/\/alojaapps.us.es\/redandhiscom\/wp-content\/uploads\/2024\/02\/GEHA-3.png 396w, https:\/\/alojaapps.us.es\/redandhiscom\/wp-content\/uploads\/2024\/02\/GEHA-3-300x300.png 300w, https:\/\/alojaapps.us.es\/redandhiscom\/wp-content\/uploads\/2024\/02\/GEHA-3-150x150.png 150w\" sizes=\"(max-width: 396px) 100vw, 396px\" \/><\/figure><div class=\"elementor-image-box-content\"><h5 class=\"elementor-image-box-title\">Grupo de Estudios de Historia Actual Universidad de C\u00e1diz<\/h5><p class=\"elementor-image-box-description\">Responsable:\u00a0Julio P\u00e9rez Serrano\n<br>\nL\u00edneas de investigaci\u00f3n y miembros: <a href=\"https:\/\/hum315.uca.es\/\">https:\/\/hum315.uca.es\/<\/a>\n<ul><\/p><\/div><\/div>\t\t<\/div>\n\t\t\t\t<\/div>\n\t\t\t\t<div class=\"elementor-element elementor-element-f93a16f elementor-position-right elementor-widget__width-inherit elementor-vertical-align-top elementor-invisible elementor-widget elementor-widget-image-box\" data-id=\"f93a16f\" data-element_type=\"widget\" data-settings=\"{&quot;_animation&quot;:&quot;fadeInUp&quot;}\" data-widget_type=\"image-box.default\">\n\t\t\t\t<div class=\"elementor-widget-container\">\n\t\t\t<div class=\"elementor-image-box-wrapper\"><figure class=\"elementor-image-box-img\"><img loading=\"lazy\" decoding=\"async\" width=\"654\" height=\"639\" src=\"https:\/\/alojaapps.us.es\/redandhiscom\/wp-content\/uploads\/2024\/02\/Silem.png\" class=\"elementor-animation-grow attachment-full size-full wp-image-1740\" alt=\"\" srcset=\"https:\/\/alojaapps.us.es\/redandhiscom\/wp-content\/uploads\/2024\/02\/Silem.png 654w, https:\/\/alojaapps.us.es\/redandhiscom\/wp-content\/uploads\/2024\/02\/Silem-300x293.png 300w\" sizes=\"(max-width: 654px) 100vw, 654px\" \/><\/figure><div class=\"elementor-image-box-content\"><h5 class=\"elementor-image-box-title\">Proyecto Silem II (Hacia la institucionalizaci\u00f3n literaria: pol\u00e9micas y debates histori\u00f3grafos<\/h5><p class=\"elementor-image-box-description\">IP: Pedro Ruiz P\u00e9rez (UCO) y Mercedes Comellas (US)<br>\nL\u00edneas de investigaci\u00f3n y miembros: <a href=\"http:\/\/www.uco.es\/servicios\/ucopress\/silem\/index.php\/introduction\">http:\/\/www.uco.es\/servicios\/ucopress\/silem\/index.php\/introduction<\/a><\/p><\/div><\/div>\t\t<\/div>\n\t\t\t\t<\/div>\n\t\t\t\t<div class=\"elementor-element elementor-element-09d4c24 elementor-position-right elementor-widget__width-inherit elementor-vertical-align-top elementor-invisible elementor-widget elementor-widget-image-box\" data-id=\"09d4c24\" data-element_type=\"widget\" data-settings=\"{&quot;_animation&quot;:&quot;fadeInUp&quot;}\" data-widget_type=\"image-box.default\">\n\t\t\t\t<div class=\"elementor-widget-container\">\n\t\t\t<div class=\"elementor-image-box-wrapper\"><figure class=\"elementor-image-box-img\"><img fetchpriority=\"high\" decoding=\"async\" width=\"1929\" height=\"2560\" src=\"https:\/\/alojaapps.us.es\/redandhiscom\/wp-content\/uploads\/2024\/02\/cadiz-scaled.jpg\" class=\"elementor-animation-grow attachment-full size-full wp-image-1855\" alt=\"\" srcset=\"https:\/\/alojaapps.us.es\/redandhiscom\/wp-content\/uploads\/2024\/02\/cadiz-scaled.jpg 1929w, https:\/\/alojaapps.us.es\/redandhiscom\/wp-content\/uploads\/2024\/02\/cadiz-226x300.jpg 226w, https:\/\/alojaapps.us.es\/redandhiscom\/wp-content\/uploads\/2024\/02\/cadiz-771x1024.jpg 771w, https:\/\/alojaapps.us.es\/redandhiscom\/wp-content\/uploads\/2024\/02\/cadiz-768x1019.jpg 768w, https:\/\/alojaapps.us.es\/redandhiscom\/wp-content\/uploads\/2024\/02\/cadiz-1157x1536.jpg 1157w, https:\/\/alojaapps.us.es\/redandhiscom\/wp-content\/uploads\/2024\/02\/cadiz-1543x2048.jpg 1543w\" sizes=\"(max-width: 1929px) 100vw, 1929px\" \/><\/figure><div class=\"elementor-image-box-content\"><h5 class=\"elementor-image-box-title\">Grupo G\u00e9nero e Historia, Universidad de C\u00e1diz<\/h5><p class=\"elementor-image-box-description\">Responsable: Gloria Espigado\n)<br>\nL\u00edneas de investigaci\u00f3n y miembros: <a href=\"https:\/\/hum306.uca.es\/\">https:\/\/hum306.uca.es\/<\/a><\/p><\/div><\/div>\t\t<\/div>\n\t\t\t\t<\/div>\n\t\t\t\t<div class=\"elementor-element elementor-element-34d5bb7 elementor-position-right elementor-widget__width-inherit elementor-vertical-align-top elementor-invisible elementor-widget elementor-widget-image-box\" data-id=\"34d5bb7\" data-element_type=\"widget\" data-settings=\"{&quot;_animation&quot;:&quot;fadeInUp&quot;}\" data-widget_type=\"image-box.default\">\n\t\t\t\t<div class=\"elementor-widget-container\">\n\t\t\t<div class=\"elementor-image-box-wrapper\"><figure class=\"elementor-image-box-img\"><img fetchpriority=\"high\" decoding=\"async\" width=\"1929\" height=\"2560\" src=\"https:\/\/alojaapps.us.es\/redandhiscom\/wp-content\/uploads\/2024\/02\/cadiz-scaled.jpg\" class=\"elementor-animation-grow attachment-full size-full wp-image-1855\" alt=\"\" srcset=\"https:\/\/alojaapps.us.es\/redandhiscom\/wp-content\/uploads\/2024\/02\/cadiz-scaled.jpg 1929w, https:\/\/alojaapps.us.es\/redandhiscom\/wp-content\/uploads\/2024\/02\/cadiz-226x300.jpg 226w, https:\/\/alojaapps.us.es\/redandhiscom\/wp-content\/uploads\/2024\/02\/cadiz-771x1024.jpg 771w, https:\/\/alojaapps.us.es\/redandhiscom\/wp-content\/uploads\/2024\/02\/cadiz-768x1019.jpg 768w, https:\/\/alojaapps.us.es\/redandhiscom\/wp-content\/uploads\/2024\/02\/cadiz-1157x1536.jpg 1157w, https:\/\/alojaapps.us.es\/redandhiscom\/wp-content\/uploads\/2024\/02\/cadiz-1543x2048.jpg 1543w\" sizes=\"(max-width: 1929px) 100vw, 1929px\" \/><\/figure><div class=\"elementor-image-box-content\"><h5 class=\"elementor-image-box-title\">Grupo de Estudios Hist\u00f3ricos \"Esteban Boutelou\" Universidad de C\u00e1diz<\/h5><p class=\"elementor-image-box-description\">Responsable: Alberto Ramos Santana\n<br>\nL\u00edneas de investigaci\u00f3n y miembros: <a href=\"https:\/\/hum332.uca.es\/\">https:\/\/hum332.uca.es\/<\/a>\n<ul><\/p><\/div><\/div>\t\t<\/div>\n\t\t\t\t<\/div>\n\t\t\t\t<div class=\"elementor-element elementor-element-8f7cf4a elementor-position-right elementor-widget__width-inherit elementor-vertical-align-top elementor-invisible elementor-widget elementor-widget-image-box\" data-id=\"8f7cf4a\" data-element_type=\"widget\" data-settings=\"{&quot;_animation&quot;:&quot;fadeInUp&quot;}\" data-widget_type=\"image-box.default\">\n\t\t\t\t<div class=\"elementor-widget-container\">\n\t\t\t<div class=\"elementor-image-box-wrapper\"><figure class=\"elementor-image-box-img\"><img loading=\"lazy\" decoding=\"async\" width=\"200\" height=\"250\" src=\"https:\/\/alojaapps.us.es\/redandhiscom\/wp-content\/uploads\/2024\/02\/Litesco.jpg\" class=\"elementor-animation-grow attachment-full size-full wp-image-1736\" alt=\"\" \/><\/figure><div class=\"elementor-image-box-content\"><h5 class=\"elementor-image-box-title\">Literatura Espa\u00f1ola y Comunicaci\u00f3n (Litesco). Recepci\u00f3n y Difusi\u00f3n de la Literatura, Universidad de Sevilla<\/h5><p class=\"elementor-image-box-description\">Responsable:\u00a0Marta Palenque Sanchez\n<br>\nL\u00edneas de investigaci\u00f3n y miembros: <a href=\"https:\/\/grupo.us.es\/litesco\/\">https:\/\/grupo.us.es\/litesco\/<\/a><\/p><\/div><\/div>\t\t<\/div>\n\t\t\t\t<\/div>\n\t\t\t\t<div class=\"elementor-element elementor-element-e3a8c44 elementor-position-right elementor-widget__width-inherit elementor-vertical-align-top elementor-invisible elementor-widget elementor-widget-image-box\" data-id=\"e3a8c44\" data-element_type=\"widget\" data-settings=\"{&quot;_animation&quot;:&quot;fadeInUp&quot;}\" data-widget_type=\"image-box.default\">\n\t\t\t\t<div class=\"elementor-widget-container\">\n\t\t\t<div class=\"elementor-image-box-wrapper\"><figure class=\"elementor-image-box-img\"><img loading=\"lazy\" decoding=\"async\" width=\"800\" height=\"700\" src=\"https:\/\/alojaapps.us.es\/redandhiscom\/wp-content\/uploads\/2024\/02\/sevilla.png\" class=\"elementor-animation-grow attachment-full size-full wp-image-1864\" alt=\"\" srcset=\"https:\/\/alojaapps.us.es\/redandhiscom\/wp-content\/uploads\/2024\/02\/sevilla.png 800w, https:\/\/alojaapps.us.es\/redandhiscom\/wp-content\/uploads\/2024\/02\/sevilla-300x263.png 300w, https:\/\/alojaapps.us.es\/redandhiscom\/wp-content\/uploads\/2024\/02\/sevilla-768x672.png 768w\" sizes=\"(max-width: 800px) 100vw, 800px\" \/><\/figure><div class=\"elementor-image-box-content\"><h5 class=\"elementor-image-box-title\">Grupo de Investigaci\u00f3n en Comunicaci\u00f3n, pensamiento cr\u00edtico y di\u00e1logo ante el cambio global. Universidad de Sevilla<\/h5><p class=\"elementor-image-box-description\">Responsable:&nbsp;Rosalba Mancinas Chavez \nL\u00edneas de investigaci\u00f3n y miembros: <a href=\"https:\/\/investigacion.us.es\/sisius\/sis_depgrupos.php?ct=&amp;cs=&amp;seltext=SEJ-675&amp;selfield=CodPAI\">SISIUS: Grupo de Investigaci\u00f3n: Comunicaci\u00f3n, Pensamiento Cr\u00edtico y Di\u00e1logo Ante el Cambio Global<\/a><\/p><\/div><\/div>\t\t<\/div>\n\t\t\t\t<\/div>\n\t\t\t\t\t<\/div>\n\t\t\t\t<\/div>\n\t\t\t\t<\/div>\n\t\t","protected":false},"excerpt":{"rendered":"<p>Grupos que participan en la RED Grupo \u201cEstudios del Tiempo Presente\u201d de la Universidad de Almer\u00eda IP Rafael Quirosa L\u00edneas de investigaci\u00f3n y miembros: https:\/\/historiadeltiempopresente.com\/ Grupo de Estudios del Siglo XVIII, Universidad de C\u00e1diz Responsable: Marieta Cantos Casenave L\u00edneas de investigaci\u00f3n y miembros: https:\/\/hum139.uca.es\/ Grupo P.A.S.O., Grupo de Investigaci\u00f3n en Poes\u00eda del Siglo de Oro [&hellip;]<\/p>\n","protected":false},"author":1,"featured_media":0,"parent":0,"menu_order":5,"comment_status":"closed","ping_status":"closed","template":"","meta":{"footnotes":""},"class_list":["post-42","page","type-page","status-publish","hentry"],"_links":{"self":[{"href":"https:\/\/alojaapps.us.es\/redandhiscom\/wp-json\/wp\/v2\/pages\/42"}],"collection":[{"href":"https:\/\/alojaapps.us.es\/redandhiscom\/wp-json\/wp\/v2\/pages"}],"about":[{"href":"https:\/\/alojaapps.us.es\/redandhiscom\/wp-json\/wp\/v2\/types\/page"}],"author":[{"embeddable":true,"href":"https:\/\/alojaapps.us.es\/redandhiscom\/wp-json\/wp\/v2\/users\/1"}],"replies":[{"embeddable":true,"href":"https:\/\/alojaapps.us.es\/redandhiscom\/wp-json\/wp\/v2\/comments?post=42"}],"version-history":[{"count":30,"href":"https:\/\/alojaapps.us.es\/redandhiscom\/wp-json\/wp\/v2\/pages\/42\/revisions"}],"predecessor-version":[{"id":2084,"href":"https:\/\/alojaapps.us.es\/redandhiscom\/wp-json\/wp\/v2\/pages\/42\/revisions\/2084"}],"wp:attachment":[{"href":"https:\/\/alojaapps.us.es\/redandhiscom\/wp-json\/wp\/v2\/media?parent=42"}],"curies":[{"name":"wp","href":"https:\/\/api.w.org\/{rel}","templated":true}]}}