{"id":10,"date":"2023-12-04T21:27:02","date_gmt":"2023-12-04T21:27:02","guid":{"rendered":"https:\/\/alojaapps.us.es\/redandhiscom\/?page_id=10"},"modified":"2024-03-06T22:57:01","modified_gmt":"2024-03-06T21:57:01","slug":"inicio-2","status":"publish","type":"page","link":"https:\/\/alojaapps.us.es\/redandhiscom\/","title":{"rendered":"Inicio"},"content":{"rendered":"\t\t<div data-elementor-type=\"wp-page\" data-elementor-id=\"10\" class=\"elementor elementor-10\" data-elementor-post-type=\"page\">\n\t\t\t\t<div class=\"elementor-element elementor-element-7716d03 e-con-full e-flex elementor-invisible e-con e-parent\" data-id=\"7716d03\" data-element_type=\"container\" data-settings=\"{&quot;animation&quot;:&quot;fadeIn&quot;}\">\n\t\t\t\t<div class=\"elementor-element elementor-element-4d3ad99 elementor-arrows-position-inside elementor-pagination-position-outside elementor-widget elementor-widget-image-carousel\" data-id=\"4d3ad99\" data-element_type=\"widget\" data-settings=\"{&quot;slides_to_show&quot;:&quot;1&quot;,&quot;autoplay_speed&quot;:3000,&quot;navigation&quot;:&quot;both&quot;,&quot;autoplay&quot;:&quot;yes&quot;,&quot;pause_on_hover&quot;:&quot;yes&quot;,&quot;pause_on_interaction&quot;:&quot;yes&quot;,&quot;infinite&quot;:&quot;yes&quot;,&quot;effect&quot;:&quot;slide&quot;,&quot;speed&quot;:500}\" data-widget_type=\"image-carousel.default\">\n\t\t\t\t<div class=\"elementor-widget-container\">\n\t\t\t\t\t<div class=\"elementor-image-carousel-wrapper swiper\" dir=\"ltr\">\n\t\t\t<div class=\"elementor-image-carousel swiper-wrapper swiper-image-stretch\" aria-live=\"off\">\n\t\t\t\t\t\t\t\t<div class=\"swiper-slide\" role=\"group\" aria-roledescription=\"slide\" aria-label=\"1 de 5\"><figure class=\"swiper-slide-inner\"><img decoding=\"async\" class=\"swiper-slide-image\" src=\"https:\/\/alojaapps.us.es\/redandhiscom\/wp-content\/uploads\/2024\/02\/SLIDER-1.jpg\" alt=\"SLIDER 1\" \/><\/figure><\/div><div class=\"swiper-slide\" role=\"group\" aria-roledescription=\"slide\" aria-label=\"2 de 5\"><figure class=\"swiper-slide-inner\"><img decoding=\"async\" class=\"swiper-slide-image\" src=\"https:\/\/alojaapps.us.es\/redandhiscom\/wp-content\/uploads\/2024\/02\/SLIDER-2.jpg\" alt=\"SLIDER 2\" \/><\/figure><\/div><div class=\"swiper-slide\" role=\"group\" aria-roledescription=\"slide\" aria-label=\"3 de 5\"><figure class=\"swiper-slide-inner\"><img decoding=\"async\" class=\"swiper-slide-image\" src=\"https:\/\/alojaapps.us.es\/redandhiscom\/wp-content\/uploads\/2024\/02\/SLIDER-3.jpg\" alt=\"SLIDER 3\" \/><\/figure><\/div><div class=\"swiper-slide\" role=\"group\" aria-roledescription=\"slide\" aria-label=\"4 de 5\"><figure class=\"swiper-slide-inner\"><img decoding=\"async\" class=\"swiper-slide-image\" src=\"https:\/\/alojaapps.us.es\/redandhiscom\/wp-content\/uploads\/2024\/02\/SLIDER-4.jpg\" alt=\"SLIDER 4\" \/><\/figure><\/div><div class=\"swiper-slide\" role=\"group\" aria-roledescription=\"slide\" aria-label=\"5 de 5\"><figure class=\"swiper-slide-inner\"><img decoding=\"async\" class=\"swiper-slide-image\" src=\"https:\/\/alojaapps.us.es\/redandhiscom\/wp-content\/uploads\/2024\/02\/SLIDER-5.jpg\" alt=\"SLIDER 5\" \/><\/figure><\/div>\t\t\t<\/div>\n\t\t\t\t\t\t\t\t\t\t\t\t<div class=\"elementor-swiper-button elementor-swiper-button-prev\" role=\"button\" tabindex=\"0\">\n\t\t\t\t\t\t<svg aria-hidden=\"true\" class=\"e-font-icon-svg e-eicon-chevron-left\" viewBox=\"0 0 1000 1000\" xmlns=\"http:\/\/www.w3.org\/2000\/svg\"><path d=\"M646 125C629 125 613 133 604 142L308 442C296 454 292 471 292 487 292 504 296 521 308 533L604 854C617 867 629 875 646 875 663 875 679 871 692 858 704 846 713 829 713 812 713 796 708 779 692 767L438 487 692 225C700 217 708 204 708 187 708 171 704 154 692 142 675 129 663 125 646 125Z\"><\/path><\/svg>\t\t\t\t\t<\/div>\n\t\t\t\t\t<div class=\"elementor-swiper-button elementor-swiper-button-next\" role=\"button\" tabindex=\"0\">\n\t\t\t\t\t\t<svg aria-hidden=\"true\" class=\"e-font-icon-svg e-eicon-chevron-right\" viewBox=\"0 0 1000 1000\" xmlns=\"http:\/\/www.w3.org\/2000\/svg\"><path d=\"M696 533C708 521 713 504 713 487 713 471 708 454 696 446L400 146C388 133 375 125 354 125 338 125 325 129 313 142 300 154 292 171 292 187 292 204 296 221 308 233L563 492 304 771C292 783 288 800 288 817 288 833 296 850 308 863 321 871 338 875 354 875 371 875 388 867 400 854L696 533Z\"><\/path><\/svg>\t\t\t\t\t<\/div>\n\t\t\t\t\n\t\t\t\t\t\t\t\t\t<div class=\"swiper-pagination\"><\/div>\n\t\t\t\t\t\t\t\t\t<\/div>\n\t\t\t\t<\/div>\n\t\t\t\t<\/div>\n\t\t\t\t<\/div>\n\t\t<div class=\"elementor-element elementor-element-bdd293f e-con-full e-flex elementor-invisible e-con e-parent\" data-id=\"bdd293f\" data-element_type=\"container\" data-settings=\"{&quot;background_background&quot;:&quot;classic&quot;,&quot;animation&quot;:&quot;fadeIn&quot;}\">\n\t\t\t\t<div class=\"elementor-element elementor-element-1dc6805 elementor-widget-divider--view-line elementor-widget elementor-widget-divider\" data-id=\"1dc6805\" data-element_type=\"widget\" data-widget_type=\"divider.default\">\n\t\t\t\t<div class=\"elementor-widget-container\">\n\t\t\t\t\t<div class=\"elementor-divider\">\n\t\t\t<span class=\"elementor-divider-separator\">\n\t\t\t\t\t\t<\/span>\n\t\t<\/div>\n\t\t\t\t<\/div>\n\t\t\t\t<\/div>\n\t\t\t\t<div class=\"elementor-element elementor-element-a2e2e06 elementor-widget elementor-widget-heading\" data-id=\"a2e2e06\" data-element_type=\"widget\" data-widget_type=\"heading.default\">\n\t\t\t\t<div class=\"elementor-widget-container\">\n\t\t\t<h1 class=\"elementor-heading-title elementor-size-default\">Presentaci\u00f3n<\/h1>\t\t<\/div>\n\t\t\t\t<\/div>\n\t\t\t\t<div class=\"elementor-element elementor-element-4b57a45 elementor-widget-divider--view-line elementor-widget elementor-widget-divider\" data-id=\"4b57a45\" data-element_type=\"widget\" data-widget_type=\"divider.default\">\n\t\t\t\t<div class=\"elementor-widget-container\">\n\t\t\t\t\t<div class=\"elementor-divider\">\n\t\t\t<span class=\"elementor-divider-separator\">\n\t\t\t\t\t\t<\/span>\n\t\t<\/div>\n\t\t\t\t<\/div>\n\t\t\t\t<\/div>\n\t\t<div class=\"elementor-element elementor-element-c63f75f e-flex e-con-boxed e-con e-child\" data-id=\"c63f75f\" data-element_type=\"container\">\n\t\t\t\t\t<div class=\"e-con-inner\">\n\t\t<div class=\"elementor-element elementor-element-5ba60ed e-con-full e-flex elementor-invisible e-con e-child\" data-id=\"5ba60ed\" data-element_type=\"container\" data-settings=\"{&quot;animation&quot;:&quot;fadeInLeft&quot;}\">\n\t\t\t\t<div class=\"elementor-element elementor-element-9ea8e82 elementor-widget elementor-widget-image\" data-id=\"9ea8e82\" data-element_type=\"widget\" data-widget_type=\"image.default\">\n\t\t\t\t<div class=\"elementor-widget-container\">\n\t\t\t\t\t\t\t\t\t\t\t\t\t<img fetchpriority=\"high\" decoding=\"async\" width=\"200\" height=\"300\" src=\"https:\/\/alojaapps.us.es\/redandhiscom\/wp-content\/uploads\/2024\/02\/FOTO-SALUDO-200x300.png\" class=\"attachment-medium size-medium wp-image-1718\" alt=\"\" srcset=\"https:\/\/alojaapps.us.es\/redandhiscom\/wp-content\/uploads\/2024\/02\/FOTO-SALUDO-200x300.png 200w, https:\/\/alojaapps.us.es\/redandhiscom\/wp-content\/uploads\/2024\/02\/FOTO-SALUDO.png 627w\" sizes=\"(max-width: 200px) 100vw, 200px\" \/>\t\t\t\t\t\t\t\t\t\t\t\t\t<\/div>\n\t\t\t\t<\/div>\n\t\t\t\t<div class=\"elementor-element elementor-element-8b8bde1 elementor-widget elementor-widget-heading\" data-id=\"8b8bde1\" data-element_type=\"widget\" data-widget_type=\"heading.default\">\n\t\t\t\t<div class=\"elementor-widget-container\">\n\t\t\t<h5 class=\"elementor-heading-title elementor-size-default\">Concha Langa Nu\u00f1o<\/h5>\t\t<\/div>\n\t\t\t\t<\/div>\n\t\t\t\t<div class=\"elementor-element elementor-element-14e2c3d elementor-widget elementor-widget-heading\" data-id=\"14e2c3d\" data-element_type=\"widget\" data-widget_type=\"heading.default\">\n\t\t\t\t<div class=\"elementor-widget-container\">\n\t\t\t<p class=\"elementor-heading-title elementor-size-default\">Coordinadora<\/p>\t\t<\/div>\n\t\t\t\t<\/div>\n\t\t\t\t<\/div>\n\t\t<div class=\"elementor-element elementor-element-528cdd9 e-con-full e-flex elementor-invisible e-con e-child\" data-id=\"528cdd9\" data-element_type=\"container\" data-settings=\"{&quot;animation&quot;:&quot;fadeInUp&quot;}\">\n\t\t\t\t<div class=\"elementor-element elementor-element-84198d7 elementor-widget__width-initial elementor-widget elementor-widget-text-editor\" data-id=\"84198d7\" data-element_type=\"widget\" data-widget_type=\"text-editor.default\">\n\t\t\t\t<div class=\"elementor-widget-container\">\n\t\t\t\t\t\t\t<p class=\"x_elementToProof\">Os presentamos la <strong>RED ANDALUZA DE HISTORIADORES DE LA PRENSA, R-ANDHISCOM<\/strong>. El prop\u00f3sito principal de constituir una red de esta \u00edndole es compartir informaci\u00f3n, investigaciones, inquietudes y hallazgos. Cada uno de los investigadores y las investigadoras integrantes de esta RED forma parte de diferentes grupos de investigaci\u00f3n adscritos a universidades andaluzas, grupos que a su vez participan de otras redes con distintas asociaciones nacionales e internacionales. No obstante, la idea de establecer esta RED se presenta pertinente dada la necesidad de, primero, institucionalizar la discusi\u00f3n sobre los diferentes modos de aproximaci\u00f3n y an\u00e1lisis detectados desde la d\u00e9cada de los noventa hasta hoy en torno a la Historia de la Prensa y del Periodismo -tanto en prensa, radio como televisi\u00f3n- en Andaluc\u00eda y, segundo, generar un espacio com\u00fan desde el cual compartir resultados, dificultades en el acceso a las fuentes y l\u00edmites disciplinares, as\u00ed como la pasi\u00f3n por conocer y reescribir la Historia de nuestro periodismo. Y no solo del periodismo que se hizo en Andaluc\u00eda a lo largo de su dilatada y brillante Historia, sino tambi\u00e9n del periodismo hecho por andaluces y andaluzas m\u00e1s all\u00e1 de Despe\u00f1aperros o del Estrecho.<\/p><p class=\"x_elementToProof\">En las dos \u00faltimas d\u00e9cadas una gran diversidad de grupos de investigaci\u00f3n han centrado sus esfuerzos en trabajar sobre dicho objeto. Tal diversidad se vislumbra tanto en sus inquietudes cronol\u00f3gicas o contextuales manifiestas como por las \u00e1reas de conocimiento en las que se inscriben: desde la Historia de la Literatura, pasando por la Historia moderna y contempor\u00e1nea, hasta la Historia del Periodismo. Adem\u00e1s, preexiste un antecedente que soporta el di\u00e1logo interdisciplinar entre estos grupos: la organizaci\u00f3n de tres ediciones bianuales de Encuentros de investigadores e investigadoras sobre Prensa Andaluza en Sevilla (2017), C\u00e1diz (2020) y C\u00f3rdoba (2022). De modo que esta RED pretende solventar la dispersi\u00f3n que puede conllevar la especificidad o diversidad disciplinar y crear un espacio colaborativo y transversal entre los investigadores y las investigadoras que la integran, procedentes de diferentes disciplinas (filolog\u00eda, literatura espa\u00f1ola, historia contempor\u00e1nea, periodismo, etc.) y con trayectorias profesionales distintas: desde docentes universitarios hasta profesores de ense\u00f1anza media y profesionales de la informaci\u00f3n en activo. Por tanto, esta RED nace con una vocaci\u00f3n integradora propia de la matriz humanista que acoge el desarrollo de la Historia de la Comunicaci\u00f3n y con la intenci\u00f3n de validar la interdisciplinariedad como posicionamiento para generar una historia sociocultural que enuncie la riqueza y complejidad del patrimonio period\u00edstico andaluz. Esta web tiene como principal objetivo soportar y mostrar el conocimiento generado por la RED.<\/p>\t\t\t\t\t\t<\/div>\n\t\t\t\t<\/div>\n\t\t\t\t<\/div>\n\t\t\t\t\t<\/div>\n\t\t\t\t<\/div>\n\t\t\t\t<\/div>\n\t\t<div class=\"elementor-element elementor-element-c591c05 e-flex e-con-boxed e-con e-parent\" data-id=\"c591c05\" data-element_type=\"container\">\n\t\t\t\t\t<div class=\"e-con-inner\">\n\t\t\t\t<div class=\"elementor-element elementor-element-5a1e3fe elementor-invisible elementor-widget elementor-widget-image\" data-id=\"5a1e3fe\" data-element_type=\"widget\" data-settings=\"{&quot;_animation&quot;:&quot;fadeInUp&quot;}\" data-widget_type=\"image.default\">\n\t\t\t\t<div class=\"elementor-widget-container\">\n\t\t\t\t\t\t\t\t\t\t\t\t\t<img decoding=\"async\" width=\"1920\" height=\"700\" src=\"https:\/\/alojaapps.us.es\/redandhiscom\/wp-content\/uploads\/2024\/02\/BANNER-PARTICIPAR-EN-LA-RED.jpg\" class=\"attachment-full size-full wp-image-1694\" alt=\"\" srcset=\"https:\/\/alojaapps.us.es\/redandhiscom\/wp-content\/uploads\/2024\/02\/BANNER-PARTICIPAR-EN-LA-RED.jpg 1920w, https:\/\/alojaapps.us.es\/redandhiscom\/wp-content\/uploads\/2024\/02\/BANNER-PARTICIPAR-EN-LA-RED-300x109.jpg 300w, https:\/\/alojaapps.us.es\/redandhiscom\/wp-content\/uploads\/2024\/02\/BANNER-PARTICIPAR-EN-LA-RED-1024x373.jpg 1024w, https:\/\/alojaapps.us.es\/redandhiscom\/wp-content\/uploads\/2024\/02\/BANNER-PARTICIPAR-EN-LA-RED-768x280.jpg 768w, https:\/\/alojaapps.us.es\/redandhiscom\/wp-content\/uploads\/2024\/02\/BANNER-PARTICIPAR-EN-LA-RED-1536x560.jpg 1536w\" sizes=\"(max-width: 1920px) 100vw, 1920px\" \/>\t\t\t\t\t\t\t\t\t\t\t\t\t<\/div>\n\t\t\t\t<\/div>\n\t\t\t\t<div class=\"elementor-element elementor-element-a49bdbf elementor-button-align-stretch elementor-invisible elementor-widget elementor-widget-form\" data-id=\"a49bdbf\" data-element_type=\"widget\" data-settings=\"{&quot;step_next_label&quot;:&quot;Siguiente&quot;,&quot;step_previous_label&quot;:&quot;Previo&quot;,&quot;_animation&quot;:&quot;fadeIn&quot;,&quot;button_width&quot;:&quot;100&quot;,&quot;step_type&quot;:&quot;number_text&quot;,&quot;step_icon_shape&quot;:&quot;circle&quot;}\" data-widget_type=\"form.default\">\n\t\t\t\t<div class=\"elementor-widget-container\">\n\t\t\t\t\t<form class=\"elementor-form\" method=\"post\" name=\"Contacto\">\n\t\t\t<input type=\"hidden\" name=\"post_id\" value=\"10\"\/>\n\t\t\t<input type=\"hidden\" name=\"form_id\" value=\"a49bdbf\"\/>\n\t\t\t<input type=\"hidden\" name=\"referer_title\" value=\"\" \/>\n\n\t\t\t\n\t\t\t<div class=\"elementor-form-fields-wrapper elementor-labels-above\">\n\t\t\t\t\t\t\t\t<div class=\"elementor-field-type-text elementor-field-group elementor-column elementor-field-group-nombre elementor-col-100 elementor-field-required elementor-mark-required\">\n\t\t\t\t\t\t\t\t\t\t\t\t<label for=\"form-field-nombre\" class=\"elementor-field-label\">\n\t\t\t\t\t\t\t\tNombre\t\t\t\t\t\t\t<\/label>\n\t\t\t\t\t\t\t\t\t\t\t\t\t\t<input size=\"1\" type=\"text\" name=\"form_fields[nombre]\" id=\"form-field-nombre\" class=\"elementor-field elementor-size-sm  elementor-field-textual\" required=\"required\" aria-required=\"true\">\n\t\t\t\t\t\t\t\t\t\t\t<\/div>\n\t\t\t\t\t\t\t\t<div class=\"elementor-field-type-email elementor-field-group elementor-column elementor-field-group-email elementor-col-100 elementor-field-required elementor-mark-required\">\n\t\t\t\t\t\t\t\t\t\t\t\t<label for=\"form-field-email\" class=\"elementor-field-label\">\n\t\t\t\t\t\t\t\tEmail\t\t\t\t\t\t\t<\/label>\n\t\t\t\t\t\t\t\t\t\t\t\t\t\t<input size=\"1\" type=\"email\" name=\"form_fields[email]\" id=\"form-field-email\" class=\"elementor-field elementor-size-sm  elementor-field-textual\" required=\"required\" aria-required=\"true\">\n\t\t\t\t\t\t\t\t\t\t\t<\/div>\n\t\t\t\t\t\t\t\t<div class=\"elementor-field-type-text elementor-field-group elementor-column elementor-field-group-universidad elementor-col-100 elementor-field-required elementor-mark-required\">\n\t\t\t\t\t\t\t\t\t\t\t\t<label for=\"form-field-universidad\" class=\"elementor-field-label\">\n\t\t\t\t\t\t\t\tUniversidad o centro al que se pertenece\t\t\t\t\t\t\t<\/label>\n\t\t\t\t\t\t\t\t\t\t\t\t\t\t<input size=\"1\" type=\"text\" name=\"form_fields[universidad]\" id=\"form-field-universidad\" class=\"elementor-field elementor-size-sm  elementor-field-textual\" required=\"required\" aria-required=\"true\">\n\t\t\t\t\t\t\t\t\t\t\t<\/div>\n\t\t\t\t\t\t\t\t<div class=\"elementor-field-type-url elementor-field-group elementor-column elementor-field-group-cv elementor-col-100 elementor-field-required elementor-mark-required\">\n\t\t\t\t\t\t\t\t\t\t\t\t<label for=\"form-field-cv\" class=\"elementor-field-label\">\n\t\t\t\t\t\t\t\tEnlace a un CV online\t\t\t\t\t\t\t<\/label>\n\t\t\t\t\t\t\t\t\t\t\t\t\t\t<input size=\"1\" type=\"url\" name=\"form_fields[cv]\" id=\"form-field-cv\" class=\"elementor-field elementor-size-sm  elementor-field-textual\" placeholder=\"http:\/\/\" required=\"required\" aria-required=\"true\">\n\t\t\t\t\t\t\t\t\t\t\t<\/div>\n\t\t\t\t\t\t\t\t<div class=\"elementor-field-type-textarea elementor-field-group elementor-column elementor-field-group-mensaje elementor-col-100\">\n\t\t\t\t\t\t\t\t\t\t\t\t<label for=\"form-field-mensaje\" class=\"elementor-field-label\">\n\t\t\t\t\t\t\t\tMensaje\t\t\t\t\t\t\t<\/label>\n\t\t\t\t\t\t<textarea class=\"elementor-field-textual elementor-field  elementor-size-sm\" name=\"form_fields[mensaje]\" id=\"form-field-mensaje\" rows=\"4\" placeholder=\"Opcional\"><\/textarea>\t\t\t\t<\/div>\n\t\t\t\t\t\t\t\t<div class=\"elementor-field-group elementor-column elementor-field-type-submit elementor-col-100 e-form__buttons\">\n\t\t\t\t\t<button class=\"elementor-button elementor-size-sm\" type=\"submit\">\n\t\t\t\t\t\t<span class=\"elementor-button-content-wrapper\">\n\t\t\t\t\t\t\t\t\t\t\t\t\t\t\t\t\t\t\t\t\t\t<span class=\"elementor-button-text\">Enviar<\/span>\n\t\t\t\t\t\t\t\t\t\t\t\t\t<\/span>\n\t\t\t\t\t<\/button>\n\t\t\t\t<\/div>\n\t\t\t<\/div>\n\t\t<\/form>\n\t\t\t\t<\/div>\n\t\t\t\t<\/div>\n\t\t\t\t\t<\/div>\n\t\t\t\t<\/div>\n\t\t\t\t<\/div>\n\t\t","protected":false},"excerpt":{"rendered":"<p>Presentaci\u00f3n Concha Langa Nu\u00f1o Coordinadora Os presentamos la RED ANDALUZA DE HISTORIADORES DE LA PRENSA, R-ANDHISCOM. El prop\u00f3sito principal de constituir una red de esta \u00edndole es compartir informaci\u00f3n, investigaciones, inquietudes y hallazgos. Cada uno de los investigadores y las investigadoras integrantes de esta RED forma parte de diferentes grupos de investigaci\u00f3n adscritos a universidades [&hellip;]<\/p>\n","protected":false},"author":1,"featured_media":0,"parent":0,"menu_order":4,"comment_status":"closed","ping_status":"closed","template":"","meta":{"footnotes":""},"class_list":["post-10","page","type-page","status-publish","hentry"],"_links":{"self":[{"href":"https:\/\/alojaapps.us.es\/redandhiscom\/wp-json\/wp\/v2\/pages\/10"}],"collection":[{"href":"https:\/\/alojaapps.us.es\/redandhiscom\/wp-json\/wp\/v2\/pages"}],"about":[{"href":"https:\/\/alojaapps.us.es\/redandhiscom\/wp-json\/wp\/v2\/types\/page"}],"author":[{"embeddable":true,"href":"https:\/\/alojaapps.us.es\/redandhiscom\/wp-json\/wp\/v2\/users\/1"}],"replies":[{"embeddable":true,"href":"https:\/\/alojaapps.us.es\/redandhiscom\/wp-json\/wp\/v2\/comments?post=10"}],"version-history":[{"count":45,"href":"https:\/\/alojaapps.us.es\/redandhiscom\/wp-json\/wp\/v2\/pages\/10\/revisions"}],"predecessor-version":[{"id":1951,"href":"https:\/\/alojaapps.us.es\/redandhiscom\/wp-json\/wp\/v2\/pages\/10\/revisions\/1951"}],"wp:attachment":[{"href":"https:\/\/alojaapps.us.es\/redandhiscom\/wp-json\/wp\/v2\/media?parent=10"}],"curies":[{"name":"wp","href":"https:\/\/api.w.org\/{rel}","templated":true}]}}